{"id":25567,"date":"2020-09-09T12:53:46","date_gmt":"2020-09-09T10:53:46","guid":{"rendered":"http:\/\/swiss-policepatches.ch\/home_new\/?page_id=25567"},"modified":"2020-09-09T12:55:40","modified_gmt":"2020-09-09T10:55:40","slug":"islamische-republik-mauretanien-%d8%a7%d9%84%d8%ac%d9%85%d9%87%d9%88%d8%b1%d9%8a%d8%a9-%d8%a7%d9%84%d8%a5%d8%b3%d9%84%d8%a7%d9%85%d9%8a%d8%a9-%d8%a7%d9%84%d9%85%d9%88%d8%b1%d9%8a%d8%aa%d8%a7%d9%86","status":"publish","type":"page","link":"https:\/\/swiss-policepatches.ch\/home_new\/?page_id=25567","title":{"rendered":"Islamische Republik Mauretanien \/ \u0627\u0644\u062c\u0645\u0647\u0648\u0631\u064a\u0629 \u0627\u0644\u0625\u0633\u0644\u0627\u0645\u064a\u0629 \u0627\u0644\u0645\u0648\u0631\u064a\u062a\u0627\u0646\u064a\u0629 \/ al-Dschumh\u016briyya al-Isl\u0101miyya al-M\u016br\u012bt\u0101niyya"},"content":{"rendered":"<p><a href=\"https:\/\/swiss-policepatches.ch\/home_new\/wp-content\/uploads\/2020\/09\/mauritanien.bmp\"><img loading=\"lazy\" decoding=\"async\" class=\"alignnone wp-image-25569\" src=\"https:\/\/swiss-policepatches.ch\/home_new\/wp-content\/uploads\/2020\/09\/mauritanien-300x200.jpg\" alt=\"\" width=\"130\" height=\"88\" srcset=\"https:\/\/swiss-policepatches.ch\/home_new\/wp-content\/uploads\/2020\/09\/mauritanien-300x200.jpg 300w, https:\/\/swiss-policepatches.ch\/home_new\/wp-content\/uploads\/2020\/09\/mauritanien.bmp 384w\" sizes=\"auto, (max-width: 130px) 100vw, 130px\" \/><\/a><\/p>\n<p><strong>Nationalgarde &#8211; Garde Nationale<\/strong><\/p>\n\n\t\t<style type=\"text\/css\">\n\t\t\t#gallery-1 {\n\t\t\t\tmargin: auto;\n\t\t\t}\n\t\t\t#gallery-1 .gallery-item {\n\t\t\t\tfloat: left;\n\t\t\t\tmargin-top: 10px;\n\t\t\t\ttext-align: center;\n\t\t\t\twidth: 16%;\n\t\t\t}\n\t\t\t#gallery-1 img {\n\t\t\t\tborder: 2px solid #cfcfcf;\n\t\t\t}\n\t\t\t#gallery-1 .gallery-caption {\n\t\t\t\tmargin-left: 0;\n\t\t\t}\n\t\t\t\/* see gallery_shortcode() in wp-includes\/media.php *\/\n\t\t<\/style>\n\t\t<div id='gallery-1' class='gallery galleryid-25567 gallery-columns-6 gallery-size-thumbnail'><dl class='gallery-item'>\n\t\t\t<dt class='gallery-icon portrait'>\n\t\t\t\t<a href='https:\/\/swiss-policepatches.ch\/home_new\/?attachment_id=25571'><img loading=\"lazy\" decoding=\"async\" width=\"150\" height=\"150\" src=\"https:\/\/swiss-policepatches.ch\/home_new\/wp-content\/uploads\/2020\/09\/mauretanien_gard_nationale-150x150.jpg\" class=\"attachment-thumbnail size-thumbnail\" alt=\"\" \/><\/a>\n\t\t\t<\/dt><\/dl>\n\t\t\t<br style='clear: both' \/>\n\t\t<\/div>\n\n","protected":false},"excerpt":{"rendered":"<p>Nationalgarde &#8211; Garde Nationale<\/p>\n","protected":false},"author":1,"featured_media":0,"parent":1655,"menu_order":0,"comment_status":"closed","ping_status":"closed","template":"","meta":{"footnotes":""},"class_list":["post-25567","page","type-page","status-publish","hentry"],"_links":{"self":[{"href":"https:\/\/swiss-policepatches.ch\/home_new\/index.php?rest_route=\/wp\/v2\/pages\/25567","targetHints":{"allow":["GET"]}}],"collection":[{"href":"https:\/\/swiss-policepatches.ch\/home_new\/index.php?rest_route=\/wp\/v2\/pages"}],"about":[{"href":"https:\/\/swiss-policepatches.ch\/home_new\/index.php?rest_route=\/wp\/v2\/types\/page"}],"author":[{"embeddable":true,"href":"https:\/\/swiss-policepatches.ch\/home_new\/index.php?rest_route=\/wp\/v2\/users\/1"}],"replies":[{"embeddable":true,"href":"https:\/\/swiss-policepatches.ch\/home_new\/index.php?rest_route=%2Fwp%2Fv2%2Fcomments&post=25567"}],"version-history":[{"count":3,"href":"https:\/\/swiss-policepatches.ch\/home_new\/index.php?rest_route=\/wp\/v2\/pages\/25567\/revisions"}],"predecessor-version":[{"id":25572,"href":"https:\/\/swiss-policepatches.ch\/home_new\/index.php?rest_route=\/wp\/v2\/pages\/25567\/revisions\/25572"}],"up":[{"embeddable":true,"href":"https:\/\/swiss-policepatches.ch\/home_new\/index.php?rest_route=\/wp\/v2\/pages\/1655"}],"wp:attachment":[{"href":"https:\/\/swiss-policepatches.ch\/home_new\/index.php?rest_route=%2Fwp%2Fv2%2Fmedia&parent=25567"}],"curies":[{"name":"wp","href":"https:\/\/api.w.org\/{rel}","templated":true}]}}